{"id":986,"date":"2025-10-22T17:26:43","date_gmt":"2025-10-22T15:26:43","guid":{"rendered":"https:\/\/www.hotelzanin.it\/sluzby\/"},"modified":"2025-12-01T15:49:06","modified_gmt":"2025-12-01T14:49:06","slug":"sluzby","status":"publish","type":"page","link":"https:\/\/www.hotelzanin.it\/cs\/sluzby\/","title":{"rendered":"Slu\u017eby"},"content":{"rendered":"\t\t<div data-elementor-type=\"wp-page\" data-elementor-id=\"986\" class=\"elementor elementor-986 elementor-73\" data-elementor-post-type=\"page\">\n\t\t\t\t<div class=\"elementor-element elementor-element-5c51ca80 e-con-full e-flex e-con e-parent\" data-id=\"5c51ca80\" data-element_type=\"container\" data-settings=\"{&quot;background_background&quot;:&quot;classic&quot;}\">\n\t\t<div class=\"elementor-element elementor-element-1a272ca1 e-con-full e-flex e-con e-child\" data-id=\"1a272ca1\" data-element_type=\"container\">\n\t\t<div class=\"elementor-element elementor-element-681ae733 e-con-full e-flex e-con e-child\" data-id=\"681ae733\" data-element_type=\"container\">\n\t\t\t\t<div class=\"elementor-element elementor-element-4b64ceb elementor-invisible elementor-widget elementor-widget-heading\" data-id=\"4b64ceb\" data-element_type=\"widget\" data-settings=\"{&quot;_animation&quot;:&quot;fadeIn&quot;}\" data-widget_type=\"heading.default\">\n\t\t\t\t\t<h1 class=\"elementor-heading-title elementor-size-default\">SLU\u017dBY<\/h1>\t\t\t\t<\/div>\n\t\t\t\t<div class=\"elementor-element elementor-element-6cdbbf68 elementor-widget-divider--view-line elementor-invisible elementor-widget elementor-widget-divider\" data-id=\"6cdbbf68\" data-element_type=\"widget\" data-settings=\"{&quot;_animation&quot;:&quot;fadeIn&quot;,&quot;_animation_delay&quot;:&quot;200&quot;}\" data-widget_type=\"divider.default\">\n\t\t\t\t\t\t\t<div class=\"elementor-divider\">\n\t\t\t<span class=\"elementor-divider-separator\">\n\t\t\t\t\t\t<\/span>\n\t\t<\/div>\n\t\t\t\t\t\t<\/div>\n\t\t\t\t<div class=\"elementor-element elementor-element-15d373e6 elementor-invisible elementor-widget elementor-widget-heading\" data-id=\"15d373e6\" data-element_type=\"widget\" data-settings=\"{&quot;_animation&quot;:&quot;fadeIn&quot;,&quot;_animation_delay&quot;:&quot;400&quot;}\" data-widget_type=\"heading.default\">\n\t\t\t\t\t<h2 class=\"elementor-heading-title elementor-size-default\">Pohodl\u00ed a relaxace, va\u0161e ide\u00e1ln\u00ed dovolen\u00e1.<\/h2>\t\t\t\t<\/div>\n\t\t\t\t<div class=\"elementor-element elementor-element-d600579 elementor-widget elementor-widget-text-editor\" data-id=\"d600579\" data-element_type=\"widget\" data-widget_type=\"text-editor.default\">\n\t\t\t\t\t\t\t\t\t<p>Hotel Zanin se nach\u00e1z\u00ed pouh\u00fdch 150 metr\u016f od z\u00e1padn\u00ed pl\u00e1\u017ee (Spiaggia di Ponente) a 10 minut ch\u016fze od historick\u00e9ho centra.<\/p><p>Rodina Zanin\u016f ji provozuje od roku 1959. Sv\u00fdm host\u016fm nab\u00edz\u00ed plnou penzi, polopenzi a sn\u00eddan\u011b formou bufetu. <\/p><p>\u0158e\u0161en\u00ed pro ty z\u00e1kazn\u00edky, kte\u0159\u00ed cht\u011bj\u00ed m\u00edt maxim\u00e1ln\u00ed svobodu v nakl\u00e1d\u00e1n\u00ed s \u010dasem dovolen\u00e9 s mo\u017enost\u00ed str\u00e1vit hodiny odpo\u010dinku na pl\u00e1\u017ei nebo se vydat na v\u00fdlety do bl\u00edzk\u00e9ho okol\u00ed, nav\u0161t\u00edvit bl\u00edzk\u00e1 um\u011bleck\u00e1 m\u011bsta (Ben\u00e1tky, Treviso, Terst, Padova).<\/p><p>Klimatizace v pokoji je k dispozici na vy\u017e\u00e1d\u00e1n\u00ed, wifi p\u0159ipojen\u00ed k internetu zdarma, pl\u00e1\u017e se slune\u010dn\u00edkem a 2 leh\u00e1tky na pokoj je zahrnuta v cen\u011b.<\/p>\t\t\t\t\t\t\t\t<\/div>\n\t\t\t\t<\/div>\n\t\t\t\t<\/div>\n\t\t<div class=\"elementor-element elementor-element-444f24a9 e-con-full e-flex e-con e-child\" data-id=\"444f24a9\" data-element_type=\"container\" data-settings=\"{&quot;background_background&quot;:&quot;classic&quot;}\">\n\t\t\t\t<\/div>\n\t\t\t\t<\/div>\n\t\t<div class=\"elementor-element elementor-element-2a857ded e-con-full e-flex e-con e-parent\" data-id=\"2a857ded\" data-element_type=\"container\">\n\t\t<div class=\"elementor-element elementor-element-21ebb3dd e-con-full e-flex e-con e-child\" data-id=\"21ebb3dd\" data-element_type=\"container\" data-settings=\"{&quot;background_background&quot;:&quot;slideshow&quot;,&quot;background_slideshow_gallery&quot;:[{&quot;id&quot;:771,&quot;url&quot;:&quot;https:\\\/\\\/www.hotelzanin.it\\\/wp-content\\\/uploads\\\/2025\\\/11\\\/spiaggia-hotel-zanin.jpg&quot;},{&quot;id&quot;:818,&quot;url&quot;:&quot;https:\\\/\\\/www.hotelzanin.it\\\/wp-content\\\/uploads\\\/2025\\\/10\\\/spiaggia-hotel-zanin-2.jpg&quot;},{&quot;id&quot;:990,&quot;url&quot;:&quot;https:\\\/\\\/www.hotelzanin.it\\\/wp-content\\\/uploads\\\/2025\\\/11\\\/spiaggia-hotel-zanin-4.jpg&quot;},{&quot;id&quot;:991,&quot;url&quot;:&quot;https:\\\/\\\/www.hotelzanin.it\\\/wp-content\\\/uploads\\\/2025\\\/11\\\/spiaggia-hotel-zanin-3-scaled-1.jpg&quot;},{&quot;id&quot;:993,&quot;url&quot;:&quot;https:\\\/\\\/www.hotelzanin.it\\\/wp-content\\\/uploads\\\/2025\\\/11\\\/spiaggia-hotel-zanin-6.jpg&quot;},{&quot;id&quot;:992,&quot;url&quot;:&quot;https:\\\/\\\/www.hotelzanin.it\\\/wp-content\\\/uploads\\\/2025\\\/11\\\/75242165_1403155903224444_1876175649304816451_o.jpg&quot;},{&quot;id&quot;:812,&quot;url&quot;:&quot;https:\\\/\\\/www.hotelzanin.it\\\/wp-content\\\/uploads\\\/2025\\\/11\\\/DSC_0725-scaled-1.jpg&quot;},{&quot;id&quot;:814,&quot;url&quot;:&quot;https:\\\/\\\/www.hotelzanin.it\\\/wp-content\\\/uploads\\\/2025\\\/11\\\/mappa-1-scaled-1.jpg&quot;},{&quot;id&quot;:988,&quot;url&quot;:&quot;https:\\\/\\\/www.hotelzanin.it\\\/wp-content\\\/uploads\\\/2025\\\/11\\\/33959210_1894020373952965_4714791759249408_o-2.jpg&quot;},{&quot;id&quot;:819,&quot;url&quot;:&quot;https:\\\/\\\/www.hotelzanin.it\\\/wp-content\\\/uploads\\\/2025\\\/11\\\/foto-gallery-caorle-18.jpg&quot;},{&quot;id&quot;:999,&quot;url&quot;:&quot;https:\\\/\\\/www.hotelzanin.it\\\/wp-content\\\/uploads\\\/2025\\\/11\\\/IMG_9432photo.jpg&quot;}],&quot;background_slideshow_ken_burns&quot;:&quot;yes&quot;,&quot;background_slideshow_loop&quot;:&quot;yes&quot;,&quot;background_slideshow_slide_duration&quot;:5000,&quot;background_slideshow_slide_transition&quot;:&quot;fade&quot;,&quot;background_slideshow_transition_duration&quot;:500,&quot;background_slideshow_ken_burns_zoom_direction&quot;:&quot;in&quot;}\">\n\t\t\t\t<\/div>\n\t\t<div class=\"elementor-element elementor-element-4d72ebb7 e-con-full e-flex e-con e-child\" data-id=\"4d72ebb7\" data-element_type=\"container\">\n\t\t\t\t<div class=\"elementor-element elementor-element-633ec888 elementor-widget-divider--view-line elementor-invisible elementor-widget elementor-widget-divider\" data-id=\"633ec888\" data-element_type=\"widget\" data-settings=\"{&quot;_animation&quot;:&quot;slideInRight&quot;}\" data-widget_type=\"divider.default\">\n\t\t\t\t\t\t\t<div class=\"elementor-divider\">\n\t\t\t<span class=\"elementor-divider-separator\">\n\t\t\t\t\t\t<\/span>\n\t\t<\/div>\n\t\t\t\t\t\t<\/div>\n\t\t\t\t<div class=\"elementor-element elementor-element-1cbca519 elementor-invisible elementor-widget elementor-widget-heading\" data-id=\"1cbca519\" data-element_type=\"widget\" data-settings=\"{&quot;_animation&quot;:&quot;fadeIn&quot;,&quot;_animation_delay&quot;:&quot;400&quot;}\" data-widget_type=\"heading.default\">\n\t\t\t\t\t<h3 class=\"elementor-heading-title elementor-size-default\">Pl\u00e1\u017e<\/h3>\t\t\t\t<\/div>\n\t\t\t\t<div class=\"elementor-element elementor-element-2800109f elementor-widget elementor-widget-text-editor\" data-id=\"2800109f\" data-element_type=\"widget\" data-widget_type=\"text-editor.default\">\n\t\t\t\t\t\t\t\t\t<p>Je vybaven slu\u017ebou plav\u010d\u00edka, h\u0159i\u0161t\u011bm na pl\u00e1\u017eov\u00fd volejbal, d\u011btsk\u00fdmi hrami, st\u00e1nky p\u0159\u00edmo na pl\u00e1\u017ei, kde si m\u016f\u017eete d\u00e1t ob\u010derstven\u00ed nebo osv\u011b\u017euj\u00edc\u00ed n\u00e1poj. V\u0161e v doch\u00e1zkov\u00e9 vzd\u00e1lenosti od hotelu. <\/p><p>Standardn\u00ed pl\u00e1\u017eov\u00fd servis s 1 slune\u010dn\u00edkem a 2 leh\u00e1tky je zahrnut v cen\u011b pokoje.<\/p><p>Pro va\u0161e \u010dty\u0159noh\u00e9 p\u0159\u00e1tele je k dispozici Bau Beach, vybaven\u00e1 ps\u00ed pl\u00e1\u017e vzd\u00e1len\u00e1 150 metr\u016f od hotelu Zanin, kterou si m\u016f\u017eete za mal\u00fd p\u0159\u00edplatek rezervovat p\u0159\u00edmo v na\u0161em hotelu. Slu\u017eba Bau Beach, pokud si ji objedn\u00e1te, nahrazuje slu\u017ebu Standardn\u00ed pl\u00e1\u017e a nep\u0159id\u00e1v\u00e1 se k n\u00ed. <\/p><p><\/p>\t\t\t\t\t\t\t\t<\/div>\n\t\t\t\t<\/div>\n\t\t\t\t<\/div>\n\t\t<div class=\"elementor-element elementor-element-761c5cf e-con-full e-flex e-con e-parent\" data-id=\"761c5cf\" data-element_type=\"container\">\n\t\t<div class=\"elementor-element elementor-element-e899bba e-con-full e-flex e-con e-child\" data-id=\"e899bba\" data-element_type=\"container\" data-settings=\"{&quot;background_background&quot;:&quot;classic&quot;}\">\n\t\t\t\t<div class=\"elementor-element elementor-element-45d0fbc elementor-widget-divider--view-line elementor-invisible elementor-widget elementor-widget-divider\" data-id=\"45d0fbc\" data-element_type=\"widget\" data-settings=\"{&quot;_animation&quot;:&quot;slideInRight&quot;}\" data-widget_type=\"divider.default\">\n\t\t\t\t\t\t\t<div class=\"elementor-divider\">\n\t\t\t<span class=\"elementor-divider-separator\">\n\t\t\t\t\t\t<\/span>\n\t\t<\/div>\n\t\t\t\t\t\t<\/div>\n\t\t\t\t<div class=\"elementor-element elementor-element-18b9d56 elementor-invisible elementor-widget elementor-widget-heading\" data-id=\"18b9d56\" data-element_type=\"widget\" data-settings=\"{&quot;_animation&quot;:&quot;fadeIn&quot;,&quot;_animation_delay&quot;:&quot;400&quot;}\" data-widget_type=\"heading.default\">\n\t\t\t\t\t<h3 class=\"elementor-heading-title elementor-size-default\">Kuchyn\u011b<\/h3>\t\t\t\t<\/div>\n\t\t\t\t<div class=\"elementor-element elementor-element-7b08184 elementor-widget elementor-widget-text-editor\" data-id=\"7b08184\" data-element_type=\"widget\" data-widget_type=\"text-editor.default\">\n\t\t\t\t\t\t\t\t\t<p><\/p><p>Kuchyn\u011b je vedena p\u0159\u00edmo majiteli a ka\u017ed\u00fd den nab\u00edz\u00ed r\u016fzn\u00e9 masov\u00e9 a ryb\u00ed pokrmy a ru\u010dn\u011b vyr\u00e1b\u011bn\u00e1 tradi\u010dn\u00ed m\u00edstn\u00ed j\u00eddla.<\/p>\t\t\t\t\t\t\t\t<\/div>\n\t\t\t\t<\/div>\n\t\t<div class=\"elementor-element elementor-element-4dd0b5a e-con-full e-flex e-con e-child\" data-id=\"4dd0b5a\" data-element_type=\"container\" data-settings=\"{&quot;background_background&quot;:&quot;slideshow&quot;,&quot;background_slideshow_gallery&quot;:[{&quot;id&quot;:778,&quot;url&quot;:&quot;https:\\\/\\\/www.hotelzanin.it\\\/wp-content\\\/uploads\\\/2025\\\/11\\\/499221828_1315570933902359_2765359270829780605_n.jpg&quot;},{&quot;id&quot;:996,&quot;url&quot;:&quot;https:\\\/\\\/www.hotelzanin.it\\\/wp-content\\\/uploads\\\/2025\\\/11\\\/499223742_1315570930569026_3611977852465830034_n-1.jpg&quot;},{&quot;id&quot;:777,&quot;url&quot;:&quot;https:\\\/\\\/www.hotelzanin.it\\\/wp-content\\\/uploads\\\/2025\\\/11\\\/494072299_1295298819262904_6984018596511223917_n.jpg&quot;}],&quot;background_slideshow_ken_burns&quot;:&quot;yes&quot;,&quot;background_slideshow_loop&quot;:&quot;yes&quot;,&quot;background_slideshow_slide_duration&quot;:5000,&quot;background_slideshow_slide_transition&quot;:&quot;fade&quot;,&quot;background_slideshow_transition_duration&quot;:500,&quot;background_slideshow_ken_burns_zoom_direction&quot;:&quot;in&quot;}\">\n\t\t\t\t<\/div>\n\t\t\t\t<\/div>\n\t\t<div class=\"elementor-element elementor-element-04ded49 e-con-full e-flex e-con e-parent\" data-id=\"04ded49\" data-element_type=\"container\">\n\t\t<div class=\"elementor-element elementor-element-c4e0f10 e-con-full e-flex e-con e-child\" data-id=\"c4e0f10\" data-element_type=\"container\" data-settings=\"{&quot;background_background&quot;:&quot;classic&quot;}\">\n\t\t\t\t<\/div>\n\t\t<div class=\"elementor-element elementor-element-7860c8a e-con-full e-flex e-con e-child\" data-id=\"7860c8a\" data-element_type=\"container\">\n\t\t\t\t<div class=\"elementor-element elementor-element-796b5c0 elementor-widget-divider--view-line elementor-invisible elementor-widget elementor-widget-divider\" data-id=\"796b5c0\" data-element_type=\"widget\" data-settings=\"{&quot;_animation&quot;:&quot;slideInRight&quot;}\" data-widget_type=\"divider.default\">\n\t\t\t\t\t\t\t<div class=\"elementor-divider\">\n\t\t\t<span class=\"elementor-divider-separator\">\n\t\t\t\t\t\t<\/span>\n\t\t<\/div>\n\t\t\t\t\t\t<\/div>\n\t\t\t\t<div class=\"elementor-element elementor-element-c83a339 elementor-invisible elementor-widget elementor-widget-heading\" data-id=\"c83a339\" data-element_type=\"widget\" data-settings=\"{&quot;_animation&quot;:&quot;fadeIn&quot;,&quot;_animation_delay&quot;:&quot;400&quot;}\" data-widget_type=\"heading.default\">\n\t\t\t\t\t<h3 class=\"elementor-heading-title elementor-size-default\">J\u00edzdn\u00ed kola<\/h3>\t\t\t\t<\/div>\n\t\t\t\t<div class=\"elementor-element elementor-element-8d45687 elementor-widget elementor-widget-text-editor\" data-id=\"8d45687\" data-element_type=\"widget\" data-widget_type=\"text-editor.default\">\n\t\t\t\t\t\t\t\t\t<p>Pro milovn\u00edky p\u0159\u00edrody lze s vyu\u017eit\u00edm j\u00edzdn\u00edch kol podniknout v\u00fdlety \"na ryb\u00e1\u0159sk\u00fd ostrov\" po cyklostezce vedouc\u00ed pod\u00e9l kan\u00e1lu Livenza s n\u00e1v\u0161t\u011bvou Casoni a mo\u017enost\u00ed popov\u00eddat si s \"ryb\u00e1\u0159i z Caorle\".<\/p>\t\t\t\t\t\t\t\t<\/div>\n\t\t\t\t<\/div>\n\t\t\t\t<\/div>\n\t\t<div class=\"elementor-element elementor-element-cf2d098 e-con-full e-flex e-con e-parent\" data-id=\"cf2d098\" data-element_type=\"container\">\n\t\t<div class=\"elementor-element elementor-element-3cd3f26 e-con-full e-flex e-con e-child\" data-id=\"3cd3f26\" data-element_type=\"container\" data-settings=\"{&quot;background_background&quot;:&quot;classic&quot;}\">\n\t\t\t\t<div class=\"elementor-element elementor-element-888690e elementor-widget-divider--view-line elementor-invisible elementor-widget elementor-widget-divider\" data-id=\"888690e\" data-element_type=\"widget\" data-settings=\"{&quot;_animation&quot;:&quot;slideInRight&quot;}\" data-widget_type=\"divider.default\">\n\t\t\t\t\t\t\t<div class=\"elementor-divider\">\n\t\t\t<span class=\"elementor-divider-separator\">\n\t\t\t\t\t\t<\/span>\n\t\t<\/div>\n\t\t\t\t\t\t<\/div>\n\t\t\t\t<div class=\"elementor-element elementor-element-50c22bc elementor-invisible elementor-widget elementor-widget-heading\" data-id=\"50c22bc\" data-element_type=\"widget\" data-settings=\"{&quot;_animation&quot;:&quot;fadeIn&quot;,&quot;_animation_delay&quot;:&quot;400&quot;}\" data-widget_type=\"heading.default\">\n\t\t\t\t\t<h3 class=\"elementor-heading-title elementor-size-default\">WI-FI<\/h3>\t\t\t\t<\/div>\n\t\t\t\t<div class=\"elementor-element elementor-element-d3aca55 elementor-widget elementor-widget-text-editor\" data-id=\"d3aca55\" data-element_type=\"widget\" data-widget_type=\"text-editor.default\">\n\t\t\t\t\t\t\t\t\t<p>WIFI p\u0159ipojen\u00ed k internetu v cel\u00e9m hotelu. Z\u016fsta\u0148te ve spojen\u00ed s p\u0159\u00e1teli a rodinou nebo s \u010d\u00edmkoli, co pot\u0159ebujete, i kdy\u017e jste na dovolen\u00e9. Slu\u017eba je zahrnuta v cen\u011b pobytu.  <\/p>\t\t\t\t\t\t\t\t<\/div>\n\t\t\t\t<\/div>\n\t\t<div class=\"elementor-element elementor-element-c7f28a7 e-con-full e-flex e-con e-child\" data-id=\"c7f28a7\" data-element_type=\"container\" data-settings=\"{&quot;background_background&quot;:&quot;classic&quot;}\">\n\t\t\t\t<\/div>\n\t\t\t\t<\/div>\n\t\t<div class=\"elementor-element elementor-element-134d079 e-con-full e-flex e-con e-parent\" data-id=\"134d079\" data-element_type=\"container\">\n\t\t<div class=\"elementor-element elementor-element-0ffb81f e-con-full e-flex e-con e-child\" data-id=\"0ffb81f\" data-element_type=\"container\" data-settings=\"{&quot;background_background&quot;:&quot;classic&quot;}\">\n\t\t\t\t<\/div>\n\t\t<div class=\"elementor-element elementor-element-0cb6cc2 e-con-full e-flex e-con e-child\" data-id=\"0cb6cc2\" data-element_type=\"container\">\n\t\t\t\t<div class=\"elementor-element elementor-element-c113b78 elementor-widget-divider--view-line elementor-invisible elementor-widget elementor-widget-divider\" data-id=\"c113b78\" data-element_type=\"widget\" data-settings=\"{&quot;_animation&quot;:&quot;slideInRight&quot;}\" data-widget_type=\"divider.default\">\n\t\t\t\t\t\t\t<div class=\"elementor-divider\">\n\t\t\t<span class=\"elementor-divider-separator\">\n\t\t\t\t\t\t<\/span>\n\t\t<\/div>\n\t\t\t\t\t\t<\/div>\n\t\t\t\t<div class=\"elementor-element elementor-element-2e9f05c elementor-invisible elementor-widget elementor-widget-heading\" data-id=\"2e9f05c\" data-element_type=\"widget\" data-settings=\"{&quot;_animation&quot;:&quot;fadeIn&quot;,&quot;_animation_delay&quot;:&quot;400&quot;}\" data-widget_type=\"heading.default\">\n\t\t\t\t\t<h3 class=\"elementor-heading-title elementor-size-default\">Klimatizace<\/h3>\t\t\t\t<\/div>\n\t\t\t\t<div class=\"elementor-element elementor-element-28e6658 elementor-widget elementor-widget-text-editor\" data-id=\"28e6658\" data-element_type=\"widget\" data-widget_type=\"text-editor.default\">\n\t\t\t\t\t\t\t\t\t<p>V ka\u017ed\u00e9m pokoji je na po\u017e\u00e1d\u00e1n\u00ed k dispozici klimatizace.<\/p>\t\t\t\t\t\t\t\t<\/div>\n\t\t\t\t<\/div>\n\t\t\t\t<\/div>\n\t\t\t\t<\/div>\n\t\t","protected":false},"excerpt":{"rendered":"<p>SLU\u017dBY Pohodl\u00ed a relaxace, va\u0161e ide\u00e1ln\u00ed dovolen\u00e1. Hotel Zanin se nach\u00e1z\u00ed pouh\u00fdch 150 metr\u016f od z\u00e1padn\u00ed pl\u00e1\u017ee (Spiaggia di Ponente) a 10 minut ch\u016fze od historick\u00e9ho centra. Rodina Zanin\u016f ji provozuje od roku 1959. Sv\u00fdm host\u016fm nab\u00edz\u00ed plnou penzi, polopenzi a sn\u00eddan\u011b formou bufetu. \u0158e\u0161en\u00ed pro ty z\u00e1kazn\u00edky, kte\u0159\u00ed cht\u011bj\u00ed m\u00edt maxim\u00e1ln\u00ed svobodu v nakl\u00e1d\u00e1n\u00ed [&hellip;]<\/p>\n","protected":false},"author":1,"featured_media":720,"parent":0,"menu_order":0,"comment_status":"closed","ping_status":"closed","template":"","meta":{"footnotes":""},"class_list":["post-986","page","type-page","status-publish","has-post-thumbnail","hentry"],"_links":{"self":[{"href":"https:\/\/www.hotelzanin.it\/cs\/wp-json\/wp\/v2\/pages\/986","targetHints":{"allow":["GET"]}}],"collection":[{"href":"https:\/\/www.hotelzanin.it\/cs\/wp-json\/wp\/v2\/pages"}],"about":[{"href":"https:\/\/www.hotelzanin.it\/cs\/wp-json\/wp\/v2\/types\/page"}],"author":[{"embeddable":true,"href":"https:\/\/www.hotelzanin.it\/cs\/wp-json\/wp\/v2\/users\/1"}],"replies":[{"embeddable":true,"href":"https:\/\/www.hotelzanin.it\/cs\/wp-json\/wp\/v2\/comments?post=986"}],"version-history":[{"count":1,"href":"https:\/\/www.hotelzanin.it\/cs\/wp-json\/wp\/v2\/pages\/986\/revisions"}],"predecessor-version":[{"id":1001,"href":"https:\/\/www.hotelzanin.it\/cs\/wp-json\/wp\/v2\/pages\/986\/revisions\/1001"}],"wp:featuredmedia":[{"embeddable":true,"href":"https:\/\/www.hotelzanin.it\/cs\/wp-json\/wp\/v2\/media\/720"}],"wp:attachment":[{"href":"https:\/\/www.hotelzanin.it\/cs\/wp-json\/wp\/v2\/media?parent=986"}],"curies":[{"name":"wp","href":"https:\/\/api.w.org\/{rel}","templated":true}]}}