{"id":675,"date":"2025-11-18T08:38:25","date_gmt":"2025-11-18T07:38:25","guid":{"rendered":"https:\/\/www.hotelzanin.it\/kueche\/"},"modified":"2025-12-01T15:48:45","modified_gmt":"2025-12-01T14:48:45","slug":"kueche","status":"publish","type":"page","link":"https:\/\/www.hotelzanin.it\/de\/kueche\/","title":{"rendered":"K\u00fcche"},"content":{"rendered":"\t\t<div data-elementor-type=\"wp-page\" data-elementor-id=\"675\" class=\"elementor elementor-675 elementor-479\" data-elementor-post-type=\"page\">\n\t\t\t\t<div class=\"elementor-element elementor-element-5c51ca80 e-con-full e-flex e-con e-parent\" data-id=\"5c51ca80\" data-element_type=\"container\" data-settings=\"{&quot;background_background&quot;:&quot;classic&quot;}\">\n\t\t<div class=\"elementor-element elementor-element-1a272ca1 e-con-full e-flex e-con e-child\" data-id=\"1a272ca1\" data-element_type=\"container\">\n\t\t<div class=\"elementor-element elementor-element-681ae733 e-con-full e-flex e-con e-child\" data-id=\"681ae733\" data-element_type=\"container\">\n\t\t\t\t<div class=\"elementor-element elementor-element-4b64ceb elementor-invisible elementor-widget elementor-widget-heading\" data-id=\"4b64ceb\" data-element_type=\"widget\" data-settings=\"{&quot;_animation&quot;:&quot;fadeIn&quot;}\" data-widget_type=\"heading.default\">\n\t\t\t\t\t<h1 class=\"elementor-heading-title elementor-size-default\">K\u00dcCHE<\/h1>\t\t\t\t<\/div>\n\t\t\t\t<div class=\"elementor-element elementor-element-6cdbbf68 elementor-widget-divider--view-line elementor-invisible elementor-widget elementor-widget-divider\" data-id=\"6cdbbf68\" data-element_type=\"widget\" data-settings=\"{&quot;_animation&quot;:&quot;fadeIn&quot;,&quot;_animation_delay&quot;:&quot;200&quot;}\" data-widget_type=\"divider.default\">\n\t\t\t\t\t\t\t<div class=\"elementor-divider\">\n\t\t\t<span class=\"elementor-divider-separator\">\n\t\t\t\t\t\t<\/span>\n\t\t<\/div>\n\t\t\t\t\t\t<\/div>\n\t\t\t\t<div class=\"elementor-element elementor-element-15d373e6 elementor-invisible elementor-widget elementor-widget-heading\" data-id=\"15d373e6\" data-element_type=\"widget\" data-settings=\"{&quot;_animation&quot;:&quot;fadeIn&quot;,&quot;_animation_delay&quot;:&quot;400&quot;}\" data-widget_type=\"heading.default\">\n\t\t\t\t\t<h2 class=\"elementor-heading-title elementor-size-default\">Jeden Tag andere Gerichte<\/h2>\t\t\t\t<\/div>\n\t\t\t\t<div class=\"elementor-element elementor-element-d600579 elementor-widget elementor-widget-text-editor\" data-id=\"d600579\" data-element_type=\"widget\" data-widget_type=\"text-editor.default\">\n\t\t\t\t\t\t\t\t\t<p>Die K\u00fcche wird direkt von den Eigent\u00fcmern gef\u00fchrt und bietet jeden Tag verschiedene Fleisch- und Fischgerichte sowie hausgemachte traditionelle Gerichte aus der Region.<\/p><p><strong>**Unsere K\u00fcche kann nicht auf besondere Ern\u00e4hrungsbed\u00fcrfnisse wie Z\u00f6liakie, Allergien und Unvertr\u00e4glichkeiten, vegetarische oder vegane K\u00fcche eingehen.<\/strong><\/p>\t\t\t\t\t\t\t\t<\/div>\n\t\t\t\t<\/div>\n\t\t\t\t<\/div>\n\t\t<div class=\"elementor-element elementor-element-444f24a9 e-con-full e-flex e-con e-child\" data-id=\"444f24a9\" data-element_type=\"container\" data-settings=\"{&quot;background_background&quot;:&quot;classic&quot;}\">\n\t\t\t\t<\/div>\n\t\t\t\t<\/div>\n\t\t<div class=\"elementor-element elementor-element-2a857ded e-con-full e-flex e-con e-parent\" data-id=\"2a857ded\" data-element_type=\"container\">\n\t\t<div class=\"elementor-element elementor-element-21ebb3dd e-con-full e-flex e-con e-child\" data-id=\"21ebb3dd\" data-element_type=\"container\" data-settings=\"{&quot;background_background&quot;:&quot;slideshow&quot;,&quot;background_slideshow_gallery&quot;:[{&quot;id&quot;:679,&quot;url&quot;:&quot;https:\\\/\\\/www.hotelzanin.it\\\/wp-content\\\/uploads\\\/2025\\\/11\\\/WhatsApp-Image-2020-08-06-at-09.56.03.jpeg&quot;},{&quot;id&quot;:681,&quot;url&quot;:&quot;https:\\\/\\\/www.hotelzanin.it\\\/wp-content\\\/uploads\\\/2025\\\/11\\\/WhatsApp-Image-2020-08-06-at-09.56.03-1.jpeg&quot;},{&quot;id&quot;:682,&quot;url&quot;:&quot;https:\\\/\\\/www.hotelzanin.it\\\/wp-content\\\/uploads\\\/2025\\\/11\\\/WhatsApp-Image-2020-08-06-at-13.34.35.jpeg&quot;},{&quot;id&quot;:683,&quot;url&quot;:&quot;https:\\\/\\\/www.hotelzanin.it\\\/wp-content\\\/uploads\\\/2025\\\/11\\\/WhatsApp-Image-2020-07-24-at-18.22.52.jpeg&quot;},{&quot;id&quot;:684,&quot;url&quot;:&quot;https:\\\/\\\/www.hotelzanin.it\\\/wp-content\\\/uploads\\\/2025\\\/11\\\/WhatsApp-Image-2020-07-24-at-18.22.54.jpeg&quot;},{&quot;id&quot;:687,&quot;url&quot;:&quot;https:\\\/\\\/www.hotelzanin.it\\\/wp-content\\\/uploads\\\/2025\\\/11\\\/WhatsApp-Image-2020-08-06-at-09.56.02.jpeg&quot;}],&quot;background_slideshow_ken_burns&quot;:&quot;yes&quot;,&quot;background_slideshow_loop&quot;:&quot;yes&quot;,&quot;background_slideshow_slide_duration&quot;:5000,&quot;background_slideshow_slide_transition&quot;:&quot;fade&quot;,&quot;background_slideshow_transition_duration&quot;:500,&quot;background_slideshow_ken_burns_zoom_direction&quot;:&quot;in&quot;}\">\n\t\t\t\t<\/div>\n\t\t<div class=\"elementor-element elementor-element-4d72ebb7 e-con-full e-flex e-con e-child\" data-id=\"4d72ebb7\" data-element_type=\"container\" data-settings=\"{&quot;background_background&quot;:&quot;classic&quot;}\">\n\t\t\t\t<div class=\"elementor-element elementor-element-633ec888 elementor-widget-divider--view-line elementor-invisible elementor-widget elementor-widget-divider\" data-id=\"633ec888\" data-element_type=\"widget\" data-settings=\"{&quot;_animation&quot;:&quot;slideInRight&quot;}\" data-widget_type=\"divider.default\">\n\t\t\t\t\t\t\t<div class=\"elementor-divider\">\n\t\t\t<span class=\"elementor-divider-separator\">\n\t\t\t\t\t\t<\/span>\n\t\t<\/div>\n\t\t\t\t\t\t<\/div>\n\t\t\t\t<div class=\"elementor-element elementor-element-1cbca519 elementor-invisible elementor-widget elementor-widget-heading\" data-id=\"1cbca519\" data-element_type=\"widget\" data-settings=\"{&quot;_animation&quot;:&quot;fadeIn&quot;,&quot;_animation_delay&quot;:&quot;400&quot;}\" data-widget_type=\"heading.default\">\n\t\t\t\t\t<h3 class=\"elementor-heading-title elementor-size-default\">Hausgemachte Gnocchi<\/h3>\t\t\t\t<\/div>\n\t\t\t\t<div class=\"elementor-element elementor-element-2800109f elementor-widget elementor-widget-text-editor\" data-id=\"2800109f\" data-element_type=\"widget\" data-widget_type=\"text-editor.default\">\n\t\t\t\t\t\t\t\t\t<p>Hausgemachte Gnocchi, von Hand gemacht, wie in alten Zeiten, serviert mit einer Fleischsauce nach Wahl.<\/p><p><\/p>\t\t\t\t\t\t\t\t<\/div>\n\t\t\t\t<\/div>\n\t\t\t\t<\/div>\n\t\t<div class=\"elementor-element elementor-element-761c5cf e-con-full e-flex e-con e-parent\" data-id=\"761c5cf\" data-element_type=\"container\">\n\t\t<div class=\"elementor-element elementor-element-e899bba e-con-full e-flex e-con e-child\" data-id=\"e899bba\" data-element_type=\"container\">\n\t\t\t\t<div class=\"elementor-element elementor-element-45d0fbc elementor-widget-divider--view-line elementor-invisible elementor-widget elementor-widget-divider\" data-id=\"45d0fbc\" data-element_type=\"widget\" data-settings=\"{&quot;_animation&quot;:&quot;slideInRight&quot;}\" data-widget_type=\"divider.default\">\n\t\t\t\t\t\t\t<div class=\"elementor-divider\">\n\t\t\t<span class=\"elementor-divider-separator\">\n\t\t\t\t\t\t<\/span>\n\t\t<\/div>\n\t\t\t\t\t\t<\/div>\n\t\t\t\t<div class=\"elementor-element elementor-element-18b9d56 elementor-invisible elementor-widget elementor-widget-heading\" data-id=\"18b9d56\" data-element_type=\"widget\" data-settings=\"{&quot;_animation&quot;:&quot;fadeIn&quot;,&quot;_animation_delay&quot;:&quot;400&quot;}\" data-widget_type=\"heading.default\">\n\t\t\t\t\t<h3 class=\"elementor-heading-title elementor-size-default\">Hausgemachte Ravioli<\/h3>\t\t\t\t<\/div>\n\t\t\t\t<div class=\"elementor-element elementor-element-7b08184 elementor-widget elementor-widget-text-editor\" data-id=\"7b08184\" data-element_type=\"widget\" data-widget_type=\"text-editor.default\">\n\t\t\t\t\t\t\t\t\t<p>Hausgemachte Ravioli mit verschiedenen F\u00fcllungen, je nach Verf\u00fcgbarkeit der Produkte.<\/p>\t\t\t\t\t\t\t\t<\/div>\n\t\t\t\t<\/div>\n\t\t<div class=\"elementor-element elementor-element-4dd0b5a e-con-full e-flex e-con e-child\" data-id=\"4dd0b5a\" data-element_type=\"container\" data-settings=\"{&quot;background_background&quot;:&quot;slideshow&quot;,&quot;background_slideshow_gallery&quot;:[{&quot;id&quot;:689,&quot;url&quot;:&quot;https:\\\/\\\/www.hotelzanin.it\\\/wp-content\\\/uploads\\\/2025\\\/11\\\/WhatsApp-Image-2020-08-12-at-07.35.20.jpeg&quot;},{&quot;id&quot;:690,&quot;url&quot;:&quot;https:\\\/\\\/www.hotelzanin.it\\\/wp-content\\\/uploads\\\/2025\\\/11\\\/WhatsApp-Image-2020-08-12-at-07.35.21-1.jpeg&quot;}],&quot;background_slideshow_ken_burns&quot;:&quot;yes&quot;,&quot;background_slideshow_loop&quot;:&quot;yes&quot;,&quot;background_slideshow_slide_duration&quot;:5000,&quot;background_slideshow_slide_transition&quot;:&quot;fade&quot;,&quot;background_slideshow_transition_duration&quot;:500,&quot;background_slideshow_ken_burns_zoom_direction&quot;:&quot;in&quot;}\">\n\t\t\t\t<\/div>\n\t\t\t\t<\/div>\n\t\t<div class=\"elementor-element elementor-element-04ded49 e-con-full e-flex e-con e-parent\" data-id=\"04ded49\" data-element_type=\"container\">\n\t\t<div class=\"elementor-element elementor-element-c4e0f10 e-con-full e-flex e-con e-child\" data-id=\"c4e0f10\" data-element_type=\"container\" data-settings=\"{&quot;background_background&quot;:&quot;slideshow&quot;,&quot;background_slideshow_gallery&quot;:[{&quot;id&quot;:696,&quot;url&quot;:&quot;https:\\\/\\\/www.hotelzanin.it\\\/wp-content\\\/uploads\\\/2025\\\/11\\\/IMG-20251118-WA0003.jpg&quot;},{&quot;id&quot;:694,&quot;url&quot;:&quot;https:\\\/\\\/www.hotelzanin.it\\\/wp-content\\\/uploads\\\/2025\\\/11\\\/IMG-20251118-WA0001.jpg&quot;},{&quot;id&quot;:692,&quot;url&quot;:&quot;https:\\\/\\\/www.hotelzanin.it\\\/wp-content\\\/uploads\\\/2025\\\/11\\\/IMG-20251118-WA0004.jpg&quot;},{&quot;id&quot;:695,&quot;url&quot;:&quot;https:\\\/\\\/www.hotelzanin.it\\\/wp-content\\\/uploads\\\/2025\\\/11\\\/IMG-20251118-WA0002.jpg&quot;},{&quot;id&quot;:685,&quot;url&quot;:&quot;https:\\\/\\\/www.hotelzanin.it\\\/wp-content\\\/uploads\\\/2025\\\/11\\\/WhatsApp-Image-2020-08-05-at-19.05.49.jpeg&quot;},{&quot;id&quot;:702,&quot;url&quot;:&quot;https:\\\/\\\/www.hotelzanin.it\\\/wp-content\\\/uploads\\\/2025\\\/11\\\/494072299_1295298819262904_6984018596511223917_n.jpg&quot;},{&quot;id&quot;:703,&quot;url&quot;:&quot;https:\\\/\\\/www.hotelzanin.it\\\/wp-content\\\/uploads\\\/2025\\\/11\\\/499221828_1315570933902359_2765359270829780605_n.jpg&quot;}],&quot;background_slideshow_loop&quot;:&quot;yes&quot;,&quot;background_slideshow_slide_duration&quot;:5000,&quot;background_slideshow_slide_transition&quot;:&quot;fade&quot;,&quot;background_slideshow_transition_duration&quot;:500}\">\n\t\t\t\t<\/div>\n\t\t<div class=\"elementor-element elementor-element-7860c8a e-con-full e-flex e-con e-child\" data-id=\"7860c8a\" data-element_type=\"container\" data-settings=\"{&quot;background_background&quot;:&quot;classic&quot;}\">\n\t\t\t\t<div class=\"elementor-element elementor-element-796b5c0 elementor-widget-divider--view-line elementor-invisible elementor-widget elementor-widget-divider\" data-id=\"796b5c0\" data-element_type=\"widget\" data-settings=\"{&quot;_animation&quot;:&quot;slideInRight&quot;}\" data-widget_type=\"divider.default\">\n\t\t\t\t\t\t\t<div class=\"elementor-divider\">\n\t\t\t<span class=\"elementor-divider-separator\">\n\t\t\t\t\t\t<\/span>\n\t\t<\/div>\n\t\t\t\t\t\t<\/div>\n\t\t\t\t<div class=\"elementor-element elementor-element-c83a339 elementor-invisible elementor-widget elementor-widget-heading\" data-id=\"c83a339\" data-element_type=\"widget\" data-settings=\"{&quot;_animation&quot;:&quot;fadeIn&quot;,&quot;_animation_delay&quot;:&quot;400&quot;}\" data-widget_type=\"heading.default\">\n\t\t\t\t\t<h3 class=\"elementor-heading-title elementor-size-default\">... und vieles mehr<\/h3>\t\t\t\t<\/div>\n\t\t\t\t<div class=\"elementor-element elementor-element-8d45687 elementor-widget elementor-widget-text-editor\" data-id=\"8d45687\" data-element_type=\"widget\" data-widget_type=\"text-editor.default\">\n\t\t\t\t\t\t\t\t\t<p>Einige unserer Gerichte werden mit erstklassigen Zutaten sorgf\u00e4ltig zubereitet.<\/p>\t\t\t\t\t\t\t\t<\/div>\n\t\t\t\t<\/div>\n\t\t\t\t<\/div>\n\t\t\t\t<\/div>\n\t\t","protected":false},"excerpt":{"rendered":"<p>K\u00dcCHE Jeden Tag andere Gerichte Die K\u00fcche wird direkt von den Eigent\u00fcmern gef\u00fchrt und bietet jeden Tag verschiedene Fleisch- und Fischgerichte sowie hausgemachte traditionelle Gerichte aus der Region. **Unsere K\u00fcche kann nicht auf besondere Ern\u00e4hrungsbed\u00fcrfnisse wie Z\u00f6liakie, Allergien und Unvertr\u00e4glichkeiten, vegetarische oder vegane K\u00fcche eingehen. Hausgemachte Gnocchi Hausgemachte Gnocchi, von Hand gemacht, wie in alten [&hellip;]<\/p>\n","protected":false},"author":1,"featured_media":0,"parent":0,"menu_order":0,"comment_status":"closed","ping_status":"closed","template":"","meta":{"footnotes":""},"class_list":["post-675","page","type-page","status-publish","hentry"],"_links":{"self":[{"href":"https:\/\/www.hotelzanin.it\/de\/wp-json\/wp\/v2\/pages\/675","targetHints":{"allow":["GET"]}}],"collection":[{"href":"https:\/\/www.hotelzanin.it\/de\/wp-json\/wp\/v2\/pages"}],"about":[{"href":"https:\/\/www.hotelzanin.it\/de\/wp-json\/wp\/v2\/types\/page"}],"author":[{"embeddable":true,"href":"https:\/\/www.hotelzanin.it\/de\/wp-json\/wp\/v2\/users\/1"}],"replies":[{"embeddable":true,"href":"https:\/\/www.hotelzanin.it\/de\/wp-json\/wp\/v2\/comments?post=675"}],"version-history":[{"count":1,"href":"https:\/\/www.hotelzanin.it\/de\/wp-json\/wp\/v2\/pages\/675\/revisions"}],"predecessor-version":[{"id":704,"href":"https:\/\/www.hotelzanin.it\/de\/wp-json\/wp\/v2\/pages\/675\/revisions\/704"}],"wp:attachment":[{"href":"https:\/\/www.hotelzanin.it\/de\/wp-json\/wp\/v2\/media?parent=675"}],"curies":[{"name":"wp","href":"https:\/\/api.w.org\/{rel}","templated":true}]}}