{"id":892,"date":"2025-10-22T17:26:43","date_gmt":"2025-10-22T15:26:43","guid":{"rendered":"https:\/\/www.hotelzanin.it\/dienstleistungen\/"},"modified":"2025-12-01T15:49:03","modified_gmt":"2025-12-01T14:49:03","slug":"dienstleistungen","status":"publish","type":"page","link":"https:\/\/www.hotelzanin.it\/de\/dienstleistungen\/","title":{"rendered":"Dienstleistungen"},"content":{"rendered":"\t\t<div data-elementor-type=\"wp-page\" data-elementor-id=\"892\" class=\"elementor elementor-892 elementor-73\" data-elementor-post-type=\"page\">\n\t\t\t\t<div class=\"elementor-element elementor-element-5c51ca80 e-con-full e-flex e-con e-parent\" data-id=\"5c51ca80\" data-element_type=\"container\" data-settings=\"{&quot;background_background&quot;:&quot;classic&quot;}\">\n\t\t<div class=\"elementor-element elementor-element-1a272ca1 e-con-full e-flex e-con e-child\" data-id=\"1a272ca1\" data-element_type=\"container\">\n\t\t<div class=\"elementor-element elementor-element-681ae733 e-con-full e-flex e-con e-child\" data-id=\"681ae733\" data-element_type=\"container\">\n\t\t\t\t<div class=\"elementor-element elementor-element-4b64ceb elementor-invisible elementor-widget elementor-widget-heading\" data-id=\"4b64ceb\" data-element_type=\"widget\" data-settings=\"{&quot;_animation&quot;:&quot;fadeIn&quot;}\" data-widget_type=\"heading.default\">\n\t\t\t\t\t<h1 class=\"elementor-heading-title elementor-size-default\">DIENSTLEISTUNGEN<\/h1>\t\t\t\t<\/div>\n\t\t\t\t<div class=\"elementor-element elementor-element-6cdbbf68 elementor-widget-divider--view-line elementor-invisible elementor-widget elementor-widget-divider\" data-id=\"6cdbbf68\" data-element_type=\"widget\" data-settings=\"{&quot;_animation&quot;:&quot;fadeIn&quot;,&quot;_animation_delay&quot;:&quot;200&quot;}\" data-widget_type=\"divider.default\">\n\t\t\t\t\t\t\t<div class=\"elementor-divider\">\n\t\t\t<span class=\"elementor-divider-separator\">\n\t\t\t\t\t\t<\/span>\n\t\t<\/div>\n\t\t\t\t\t\t<\/div>\n\t\t\t\t<div class=\"elementor-element elementor-element-15d373e6 elementor-invisible elementor-widget elementor-widget-heading\" data-id=\"15d373e6\" data-element_type=\"widget\" data-settings=\"{&quot;_animation&quot;:&quot;fadeIn&quot;,&quot;_animation_delay&quot;:&quot;400&quot;}\" data-widget_type=\"heading.default\">\n\t\t\t\t\t<h2 class=\"elementor-heading-title elementor-size-default\">Komfort und Entspannung, Ihr idealer Urlaub.<\/h2>\t\t\t\t<\/div>\n\t\t\t\t<div class=\"elementor-element elementor-element-d600579 elementor-widget elementor-widget-text-editor\" data-id=\"d600579\" data-element_type=\"widget\" data-widget_type=\"text-editor.default\">\n\t\t\t\t\t\t\t\t\t<p>Das Hotel Zanin liegt nur 150 m von der Spiaggia di Ponente (Weststrand) und einen 10-min\u00fctigen Spaziergang vom historischen Zentrum entfernt.<\/p><p>Das Hotel wird seit 1959 von der Familie Zanin gef\u00fchrt. Es bietet seinen G\u00e4sten Vollpension, Halbpension und Fr\u00fchst\u00fccksbuffet. <\/p><p>Die L\u00f6sung f\u00fcr Kunden, die ihre Urlaubszeit m\u00f6glichst frei gestalten wollen, mit der M\u00f6glichkeit, erholsame Stunden am Strand zu verbringen oder Ausfl\u00fcge in die n\u00e4here Umgebung zu unternehmen und nahe gelegene Kunstst\u00e4dte (Venedig, Treviso, Triest, Padua) zu besuchen.<\/p><p>Klimaanlage im Zimmer ist auf Anfrage erh\u00e4ltlich, kostenloses WLAN-Internet, der Strand mit Sonnenschirm und 2 Liegen pro Zimmer ist im Preis inbegriffen.<\/p>\t\t\t\t\t\t\t\t<\/div>\n\t\t\t\t<\/div>\n\t\t\t\t<\/div>\n\t\t<div class=\"elementor-element elementor-element-444f24a9 e-con-full e-flex e-con e-child\" data-id=\"444f24a9\" data-element_type=\"container\" data-settings=\"{&quot;background_background&quot;:&quot;classic&quot;}\">\n\t\t\t\t<\/div>\n\t\t\t\t<\/div>\n\t\t<div class=\"elementor-element elementor-element-2a857ded e-con-full e-flex e-con e-parent\" data-id=\"2a857ded\" data-element_type=\"container\">\n\t\t<div class=\"elementor-element elementor-element-21ebb3dd e-con-full e-flex e-con e-child\" data-id=\"21ebb3dd\" data-element_type=\"container\" data-settings=\"{&quot;background_background&quot;:&quot;slideshow&quot;,&quot;background_slideshow_gallery&quot;:[{&quot;id&quot;:699,&quot;url&quot;:&quot;https:\\\/\\\/www.hotelzanin.it\\\/wp-content\\\/uploads\\\/2025\\\/11\\\/spiaggia-hotel-zanin.jpg&quot;},{&quot;id&quot;:839,&quot;url&quot;:&quot;https:\\\/\\\/www.hotelzanin.it\\\/wp-content\\\/uploads\\\/2025\\\/10\\\/spiaggia-hotel-zanin-2.jpg&quot;},{&quot;id&quot;:897,&quot;url&quot;:&quot;https:\\\/\\\/www.hotelzanin.it\\\/wp-content\\\/uploads\\\/2025\\\/11\\\/spiaggia-hotel-zanin-4.jpg&quot;},{&quot;id&quot;:898,&quot;url&quot;:&quot;https:\\\/\\\/www.hotelzanin.it\\\/wp-content\\\/uploads\\\/2025\\\/11\\\/spiaggia-hotel-zanin-3-scaled-1.jpg&quot;},{&quot;id&quot;:900,&quot;url&quot;:&quot;https:\\\/\\\/www.hotelzanin.it\\\/wp-content\\\/uploads\\\/2025\\\/11\\\/spiaggia-hotel-zanin-6.jpg&quot;},{&quot;id&quot;:899,&quot;url&quot;:&quot;https:\\\/\\\/www.hotelzanin.it\\\/wp-content\\\/uploads\\\/2025\\\/11\\\/75242165_1403155903224444_1876175649304816451_o.jpg&quot;},{&quot;id&quot;:828,&quot;url&quot;:&quot;https:\\\/\\\/www.hotelzanin.it\\\/wp-content\\\/uploads\\\/2025\\\/11\\\/DSC_0725-scaled-1.jpg&quot;},{&quot;id&quot;:832,&quot;url&quot;:&quot;https:\\\/\\\/www.hotelzanin.it\\\/wp-content\\\/uploads\\\/2025\\\/11\\\/mappa-1-scaled-1.jpg&quot;},{&quot;id&quot;:895,&quot;url&quot;:&quot;https:\\\/\\\/www.hotelzanin.it\\\/wp-content\\\/uploads\\\/2025\\\/11\\\/33959210_1894020373952965_4714791759249408_o-2.jpg&quot;},{&quot;id&quot;:842,&quot;url&quot;:&quot;https:\\\/\\\/www.hotelzanin.it\\\/wp-content\\\/uploads\\\/2025\\\/11\\\/foto-gallery-caorle-18.jpg&quot;},{&quot;id&quot;:907,&quot;url&quot;:&quot;https:\\\/\\\/www.hotelzanin.it\\\/wp-content\\\/uploads\\\/2025\\\/11\\\/IMG_9432photo.jpg&quot;}],&quot;background_slideshow_ken_burns&quot;:&quot;yes&quot;,&quot;background_slideshow_loop&quot;:&quot;yes&quot;,&quot;background_slideshow_slide_duration&quot;:5000,&quot;background_slideshow_slide_transition&quot;:&quot;fade&quot;,&quot;background_slideshow_transition_duration&quot;:500,&quot;background_slideshow_ken_burns_zoom_direction&quot;:&quot;in&quot;}\">\n\t\t\t\t<\/div>\n\t\t<div class=\"elementor-element elementor-element-4d72ebb7 e-con-full e-flex e-con e-child\" data-id=\"4d72ebb7\" data-element_type=\"container\">\n\t\t\t\t<div class=\"elementor-element elementor-element-633ec888 elementor-widget-divider--view-line elementor-invisible elementor-widget elementor-widget-divider\" data-id=\"633ec888\" data-element_type=\"widget\" data-settings=\"{&quot;_animation&quot;:&quot;slideInRight&quot;}\" data-widget_type=\"divider.default\">\n\t\t\t\t\t\t\t<div class=\"elementor-divider\">\n\t\t\t<span class=\"elementor-divider-separator\">\n\t\t\t\t\t\t<\/span>\n\t\t<\/div>\n\t\t\t\t\t\t<\/div>\n\t\t\t\t<div class=\"elementor-element elementor-element-1cbca519 elementor-invisible elementor-widget elementor-widget-heading\" data-id=\"1cbca519\" data-element_type=\"widget\" data-settings=\"{&quot;_animation&quot;:&quot;fadeIn&quot;,&quot;_animation_delay&quot;:&quot;400&quot;}\" data-widget_type=\"heading.default\">\n\t\t\t\t\t<h3 class=\"elementor-heading-title elementor-size-default\">Strand<\/h3>\t\t\t\t<\/div>\n\t\t\t\t<div class=\"elementor-element elementor-element-2800109f elementor-widget elementor-widget-text-editor\" data-id=\"2800109f\" data-element_type=\"widget\" data-widget_type=\"text-editor.default\">\n\t\t\t\t\t\t\t\t\t<p>Ausgestattet mit Rettungsschwimmern, Beachvolleyballpl\u00e4tzen, Kinderspielplatz, Kiosken direkt am Strand, wo Sie einen Snack oder ein erfrischendes Getr\u00e4nk zu sich nehmen k\u00f6nnen. Alles nur wenige Gehminuten vom Hotel entfernt. <\/p><p>Der Standard-Strandservice mit 1 Sonnenschirm und 2 Liegen ist im Zimmerpreis inbegriffen.<\/p><p>F\u00fcr Ihre vierbeinigen Freunde gibt es den Bau Beach, einen ausgestatteten Hundestrand 150 m vom Hotel Zanin entfernt, der gegen einen kleinen Aufpreis direkt in unserem Hotel gebucht werden kann. Wenn Sie den Bau Beach Service buchen, ersetzt er den Standard Beach Service und erg\u00e4nzt ihn nicht. <\/p><p><\/p>\t\t\t\t\t\t\t\t<\/div>\n\t\t\t\t<\/div>\n\t\t\t\t<\/div>\n\t\t<div class=\"elementor-element elementor-element-761c5cf e-con-full e-flex e-con e-parent\" data-id=\"761c5cf\" data-element_type=\"container\">\n\t\t<div class=\"elementor-element elementor-element-e899bba e-con-full e-flex e-con e-child\" data-id=\"e899bba\" data-element_type=\"container\" data-settings=\"{&quot;background_background&quot;:&quot;classic&quot;}\">\n\t\t\t\t<div class=\"elementor-element elementor-element-45d0fbc elementor-widget-divider--view-line elementor-invisible elementor-widget elementor-widget-divider\" data-id=\"45d0fbc\" data-element_type=\"widget\" data-settings=\"{&quot;_animation&quot;:&quot;slideInRight&quot;}\" data-widget_type=\"divider.default\">\n\t\t\t\t\t\t\t<div class=\"elementor-divider\">\n\t\t\t<span class=\"elementor-divider-separator\">\n\t\t\t\t\t\t<\/span>\n\t\t<\/div>\n\t\t\t\t\t\t<\/div>\n\t\t\t\t<div class=\"elementor-element elementor-element-18b9d56 elementor-invisible elementor-widget elementor-widget-heading\" data-id=\"18b9d56\" data-element_type=\"widget\" data-settings=\"{&quot;_animation&quot;:&quot;fadeIn&quot;,&quot;_animation_delay&quot;:&quot;400&quot;}\" data-widget_type=\"heading.default\">\n\t\t\t\t\t<h3 class=\"elementor-heading-title elementor-size-default\">K\u00fcche<\/h3>\t\t\t\t<\/div>\n\t\t\t\t<div class=\"elementor-element elementor-element-7b08184 elementor-widget elementor-widget-text-editor\" data-id=\"7b08184\" data-element_type=\"widget\" data-widget_type=\"text-editor.default\">\n\t\t\t\t\t\t\t\t\t<p><\/p><p>Die K\u00fcche wird direkt von den Eigent\u00fcmern gef\u00fchrt und bietet t\u00e4glich verschiedene Fleisch- und Fischgerichte sowie handgefertigte traditionelle lokale Gerichte.<\/p>\t\t\t\t\t\t\t\t<\/div>\n\t\t\t\t<\/div>\n\t\t<div class=\"elementor-element elementor-element-4dd0b5a e-con-full e-flex e-con e-child\" data-id=\"4dd0b5a\" data-element_type=\"container\" data-settings=\"{&quot;background_background&quot;:&quot;slideshow&quot;,&quot;background_slideshow_gallery&quot;:[{&quot;id&quot;:703,&quot;url&quot;:&quot;https:\\\/\\\/www.hotelzanin.it\\\/wp-content\\\/uploads\\\/2025\\\/11\\\/499221828_1315570933902359_2765359270829780605_n.jpg&quot;},{&quot;id&quot;:903,&quot;url&quot;:&quot;https:\\\/\\\/www.hotelzanin.it\\\/wp-content\\\/uploads\\\/2025\\\/11\\\/499223742_1315570930569026_3611977852465830034_n-1.jpg&quot;},{&quot;id&quot;:702,&quot;url&quot;:&quot;https:\\\/\\\/www.hotelzanin.it\\\/wp-content\\\/uploads\\\/2025\\\/11\\\/494072299_1295298819262904_6984018596511223917_n.jpg&quot;}],&quot;background_slideshow_ken_burns&quot;:&quot;yes&quot;,&quot;background_slideshow_loop&quot;:&quot;yes&quot;,&quot;background_slideshow_slide_duration&quot;:5000,&quot;background_slideshow_slide_transition&quot;:&quot;fade&quot;,&quot;background_slideshow_transition_duration&quot;:500,&quot;background_slideshow_ken_burns_zoom_direction&quot;:&quot;in&quot;}\">\n\t\t\t\t<\/div>\n\t\t\t\t<\/div>\n\t\t<div class=\"elementor-element elementor-element-04ded49 e-con-full e-flex e-con e-parent\" data-id=\"04ded49\" data-element_type=\"container\">\n\t\t<div class=\"elementor-element elementor-element-c4e0f10 e-con-full e-flex e-con e-child\" data-id=\"c4e0f10\" data-element_type=\"container\" data-settings=\"{&quot;background_background&quot;:&quot;classic&quot;}\">\n\t\t\t\t<\/div>\n\t\t<div class=\"elementor-element elementor-element-7860c8a e-con-full e-flex e-con e-child\" data-id=\"7860c8a\" data-element_type=\"container\">\n\t\t\t\t<div class=\"elementor-element elementor-element-796b5c0 elementor-widget-divider--view-line elementor-invisible elementor-widget elementor-widget-divider\" data-id=\"796b5c0\" data-element_type=\"widget\" data-settings=\"{&quot;_animation&quot;:&quot;slideInRight&quot;}\" data-widget_type=\"divider.default\">\n\t\t\t\t\t\t\t<div class=\"elementor-divider\">\n\t\t\t<span class=\"elementor-divider-separator\">\n\t\t\t\t\t\t<\/span>\n\t\t<\/div>\n\t\t\t\t\t\t<\/div>\n\t\t\t\t<div class=\"elementor-element elementor-element-c83a339 elementor-invisible elementor-widget elementor-widget-heading\" data-id=\"c83a339\" data-element_type=\"widget\" data-settings=\"{&quot;_animation&quot;:&quot;fadeIn&quot;,&quot;_animation_delay&quot;:&quot;400&quot;}\" data-widget_type=\"heading.default\">\n\t\t\t\t\t<h3 class=\"elementor-heading-title elementor-size-default\">Fahrr\u00e4der<\/h3>\t\t\t\t<\/div>\n\t\t\t\t<div class=\"elementor-element elementor-element-8d45687 elementor-widget elementor-widget-text-editor\" data-id=\"8d45687\" data-element_type=\"widget\" data-widget_type=\"text-editor.default\">\n\t\t\t\t\t\t\t\t\t<p>Naturliebhaber k\u00f6nnen mit den Fahrr\u00e4dern auf dem Radweg entlang des Livenza-Kanals zur Fischerinsel fahren, die Casoni besuchen und sich mit den Fischern von Caorle unterhalten.<\/p>\t\t\t\t\t\t\t\t<\/div>\n\t\t\t\t<\/div>\n\t\t\t\t<\/div>\n\t\t<div class=\"elementor-element elementor-element-cf2d098 e-con-full e-flex e-con e-parent\" data-id=\"cf2d098\" data-element_type=\"container\">\n\t\t<div class=\"elementor-element elementor-element-3cd3f26 e-con-full e-flex e-con e-child\" data-id=\"3cd3f26\" data-element_type=\"container\" data-settings=\"{&quot;background_background&quot;:&quot;classic&quot;}\">\n\t\t\t\t<div class=\"elementor-element elementor-element-888690e elementor-widget-divider--view-line elementor-invisible elementor-widget elementor-widget-divider\" data-id=\"888690e\" data-element_type=\"widget\" data-settings=\"{&quot;_animation&quot;:&quot;slideInRight&quot;}\" data-widget_type=\"divider.default\">\n\t\t\t\t\t\t\t<div class=\"elementor-divider\">\n\t\t\t<span class=\"elementor-divider-separator\">\n\t\t\t\t\t\t<\/span>\n\t\t<\/div>\n\t\t\t\t\t\t<\/div>\n\t\t\t\t<div class=\"elementor-element elementor-element-50c22bc elementor-invisible elementor-widget elementor-widget-heading\" data-id=\"50c22bc\" data-element_type=\"widget\" data-settings=\"{&quot;_animation&quot;:&quot;fadeIn&quot;,&quot;_animation_delay&quot;:&quot;400&quot;}\" data-widget_type=\"heading.default\">\n\t\t\t\t\t<h3 class=\"elementor-heading-title elementor-size-default\">WI-FI<\/h3>\t\t\t\t<\/div>\n\t\t\t\t<div class=\"elementor-element elementor-element-d3aca55 elementor-widget elementor-widget-text-editor\" data-id=\"d3aca55\" data-element_type=\"widget\" data-widget_type=\"text-editor.default\">\n\t\t\t\t\t\t\t\t\t<p>WIFI-Internetverbindung im gesamten Hotel. Bleiben Sie jederzeit mit Freunden und Familie in Verbindung, oder was immer Sie brauchen, auch im Urlaub. Der Service ist im Preis Ihres Aufenthalts inbegriffen.  <\/p>\t\t\t\t\t\t\t\t<\/div>\n\t\t\t\t<\/div>\n\t\t<div class=\"elementor-element elementor-element-c7f28a7 e-con-full e-flex e-con e-child\" data-id=\"c7f28a7\" data-element_type=\"container\" data-settings=\"{&quot;background_background&quot;:&quot;classic&quot;}\">\n\t\t\t\t<\/div>\n\t\t\t\t<\/div>\n\t\t<div class=\"elementor-element elementor-element-134d079 e-con-full e-flex e-con e-parent\" data-id=\"134d079\" data-element_type=\"container\">\n\t\t<div class=\"elementor-element elementor-element-0ffb81f e-con-full e-flex e-con e-child\" data-id=\"0ffb81f\" data-element_type=\"container\" data-settings=\"{&quot;background_background&quot;:&quot;classic&quot;}\">\n\t\t\t\t<\/div>\n\t\t<div class=\"elementor-element elementor-element-0cb6cc2 e-con-full e-flex e-con e-child\" data-id=\"0cb6cc2\" data-element_type=\"container\">\n\t\t\t\t<div class=\"elementor-element elementor-element-c113b78 elementor-widget-divider--view-line elementor-invisible elementor-widget elementor-widget-divider\" data-id=\"c113b78\" data-element_type=\"widget\" data-settings=\"{&quot;_animation&quot;:&quot;slideInRight&quot;}\" data-widget_type=\"divider.default\">\n\t\t\t\t\t\t\t<div class=\"elementor-divider\">\n\t\t\t<span class=\"elementor-divider-separator\">\n\t\t\t\t\t\t<\/span>\n\t\t<\/div>\n\t\t\t\t\t\t<\/div>\n\t\t\t\t<div class=\"elementor-element elementor-element-2e9f05c elementor-invisible elementor-widget elementor-widget-heading\" data-id=\"2e9f05c\" data-element_type=\"widget\" data-settings=\"{&quot;_animation&quot;:&quot;fadeIn&quot;,&quot;_animation_delay&quot;:&quot;400&quot;}\" data-widget_type=\"heading.default\">\n\t\t\t\t\t<h3 class=\"elementor-heading-title elementor-size-default\">Klimatisierung<\/h3>\t\t\t\t<\/div>\n\t\t\t\t<div class=\"elementor-element elementor-element-28e6658 elementor-widget elementor-widget-text-editor\" data-id=\"28e6658\" data-element_type=\"widget\" data-widget_type=\"text-editor.default\">\n\t\t\t\t\t\t\t\t\t<p>Eine Klimaanlage ist in jedem Zimmer auf Anfrage erh\u00e4ltlich.<\/p>\t\t\t\t\t\t\t\t<\/div>\n\t\t\t\t<\/div>\n\t\t\t\t<\/div>\n\t\t\t\t<\/div>\n\t\t","protected":false},"excerpt":{"rendered":"<p>DIENSTLEISTUNGEN Komfort und Entspannung, Ihr idealer Urlaub. Das Hotel Zanin liegt nur 150 m von der Spiaggia di Ponente (Weststrand) und einen 10-min\u00fctigen Spaziergang vom historischen Zentrum entfernt. Das Hotel wird seit 1959 von der Familie Zanin gef\u00fchrt. Es bietet seinen G\u00e4sten Vollpension, Halbpension und Fr\u00fchst\u00fccksbuffet. Die L\u00f6sung f\u00fcr Kunden, die ihre Urlaubszeit m\u00f6glichst frei [&hellip;]<\/p>\n","protected":false},"author":1,"featured_media":744,"parent":0,"menu_order":0,"comment_status":"closed","ping_status":"closed","template":"","meta":{"footnotes":""},"class_list":["post-892","page","type-page","status-publish","has-post-thumbnail","hentry"],"_links":{"self":[{"href":"https:\/\/www.hotelzanin.it\/de\/wp-json\/wp\/v2\/pages\/892","targetHints":{"allow":["GET"]}}],"collection":[{"href":"https:\/\/www.hotelzanin.it\/de\/wp-json\/wp\/v2\/pages"}],"about":[{"href":"https:\/\/www.hotelzanin.it\/de\/wp-json\/wp\/v2\/types\/page"}],"author":[{"embeddable":true,"href":"https:\/\/www.hotelzanin.it\/de\/wp-json\/wp\/v2\/users\/1"}],"replies":[{"embeddable":true,"href":"https:\/\/www.hotelzanin.it\/de\/wp-json\/wp\/v2\/comments?post=892"}],"version-history":[{"count":3,"href":"https:\/\/www.hotelzanin.it\/de\/wp-json\/wp\/v2\/pages\/892\/revisions"}],"predecessor-version":[{"id":960,"href":"https:\/\/www.hotelzanin.it\/de\/wp-json\/wp\/v2\/pages\/892\/revisions\/960"}],"wp:featuredmedia":[{"embeddable":true,"href":"https:\/\/www.hotelzanin.it\/de\/wp-json\/wp\/v2\/media\/744"}],"wp:attachment":[{"href":"https:\/\/www.hotelzanin.it\/de\/wp-json\/wp\/v2\/media?parent=892"}],"curies":[{"name":"wp","href":"https:\/\/api.w.org\/{rel}","templated":true}]}}