{"id":863,"date":"2025-10-22T17:26:43","date_gmt":"2025-10-22T15:26:43","guid":{"rendered":"https:\/\/www.hotelzanin.it\/uslugi\/"},"modified":"2025-12-01T15:48:58","modified_gmt":"2025-12-01T14:48:58","slug":"uslugi","status":"publish","type":"page","link":"https:\/\/www.hotelzanin.it\/pl\/uslugi\/","title":{"rendered":"Us\u0142ugi"},"content":{"rendered":"\t\t<div data-elementor-type=\"wp-page\" data-elementor-id=\"863\" class=\"elementor elementor-863 elementor-73\" data-elementor-post-type=\"page\">\n\t\t\t\t<div class=\"elementor-element elementor-element-5c51ca80 e-con-full e-flex e-con e-parent\" data-id=\"5c51ca80\" data-element_type=\"container\" data-settings=\"{&quot;background_background&quot;:&quot;classic&quot;}\">\n\t\t<div class=\"elementor-element elementor-element-1a272ca1 e-con-full e-flex e-con e-child\" data-id=\"1a272ca1\" data-element_type=\"container\">\n\t\t<div class=\"elementor-element elementor-element-681ae733 e-con-full e-flex e-con e-child\" data-id=\"681ae733\" data-element_type=\"container\">\n\t\t\t\t<div class=\"elementor-element elementor-element-4b64ceb elementor-invisible elementor-widget elementor-widget-heading\" data-id=\"4b64ceb\" data-element_type=\"widget\" data-settings=\"{&quot;_animation&quot;:&quot;fadeIn&quot;}\" data-widget_type=\"heading.default\">\n\t\t\t\t\t<h1 class=\"elementor-heading-title elementor-size-default\">US\u0141UGI<\/h1>\t\t\t\t<\/div>\n\t\t\t\t<div class=\"elementor-element elementor-element-6cdbbf68 elementor-widget-divider--view-line elementor-invisible elementor-widget elementor-widget-divider\" data-id=\"6cdbbf68\" data-element_type=\"widget\" data-settings=\"{&quot;_animation&quot;:&quot;fadeIn&quot;,&quot;_animation_delay&quot;:&quot;200&quot;}\" data-widget_type=\"divider.default\">\n\t\t\t\t\t\t\t<div class=\"elementor-divider\">\n\t\t\t<span class=\"elementor-divider-separator\">\n\t\t\t\t\t\t<\/span>\n\t\t<\/div>\n\t\t\t\t\t\t<\/div>\n\t\t\t\t<div class=\"elementor-element elementor-element-15d373e6 elementor-invisible elementor-widget elementor-widget-heading\" data-id=\"15d373e6\" data-element_type=\"widget\" data-settings=\"{&quot;_animation&quot;:&quot;fadeIn&quot;,&quot;_animation_delay&quot;:&quot;400&quot;}\" data-widget_type=\"heading.default\">\n\t\t\t\t\t<h2 class=\"elementor-heading-title elementor-size-default\">Komfort i relaks, idealne wakacje.<\/h2>\t\t\t\t<\/div>\n\t\t\t\t<div class=\"elementor-element elementor-element-d600579 elementor-widget elementor-widget-text-editor\" data-id=\"d600579\" data-element_type=\"widget\" data-widget_type=\"text-editor.default\">\n\t\t\t\t\t\t\t\t\t<p>Hotel Zanin po\u0142o\u017cony jest zaledwie 150 metr\u00f3w od zachodniej pla\u017cy Spiaggia di Ponente i 10 minut spacerem od zabytkowego centrum miasta.<\/p><p>Hotel prowadzony jest przez rodzin\u0119 Zanin od 1959 roku. Oferuje on go\u015bciom pe\u0142ne wy\u017cywienie, niepe\u0142ne wy\u017cywienie i \u015bniadanie w formie bufetu. <\/p><p>Rozwi\u0105zanie dla tych klient\u00f3w, kt\u00f3rzy chc\u0105 maksymalnej swobody w zarz\u0105dzaniu swoim czasem wakacyjnym z mo\u017cliwo\u015bci\u0105 sp\u0119dzania relaksuj\u0105cych godzin na pla\u017cy lub wycieczek do pobliskich obszar\u00f3w, odwiedzaj\u0105c pobliskie miasta sztuki (Wenecja, Treviso, Triest, Padwa).<\/p><p>Klimatyzacja w pokoju jest dost\u0119pna na \u017cyczenie, bezp\u0142atny bezprzewodowy dost\u0119p do Internetu, pla\u017ca z parasolem przeciws\u0142onecznym i 2 le\u017caki na pok\u00f3j s\u0105 wliczone w cen\u0119.<\/p>\t\t\t\t\t\t\t\t<\/div>\n\t\t\t\t<\/div>\n\t\t\t\t<\/div>\n\t\t<div class=\"elementor-element elementor-element-444f24a9 e-con-full e-flex e-con e-child\" data-id=\"444f24a9\" data-element_type=\"container\" data-settings=\"{&quot;background_background&quot;:&quot;classic&quot;}\">\n\t\t\t\t<\/div>\n\t\t\t\t<\/div>\n\t\t<div class=\"elementor-element elementor-element-2a857ded e-con-full e-flex e-con e-parent\" data-id=\"2a857ded\" data-element_type=\"container\">\n\t\t<div class=\"elementor-element elementor-element-21ebb3dd e-con-full e-flex e-con e-child\" data-id=\"21ebb3dd\" data-element_type=\"container\" data-settings=\"{&quot;background_background&quot;:&quot;slideshow&quot;,&quot;background_slideshow_gallery&quot;:[{&quot;id&quot;:676,&quot;url&quot;:&quot;https:\\\/\\\/www.hotelzanin.it\\\/wp-content\\\/uploads\\\/2025\\\/11\\\/spiaggia-hotel-zanin.jpg&quot;},{&quot;id&quot;:843,&quot;url&quot;:&quot;https:\\\/\\\/www.hotelzanin.it\\\/wp-content\\\/uploads\\\/2025\\\/10\\\/spiaggia-hotel-zanin-2.jpg&quot;},{&quot;id&quot;:867,&quot;url&quot;:&quot;https:\\\/\\\/www.hotelzanin.it\\\/wp-content\\\/uploads\\\/2025\\\/11\\\/spiaggia-hotel-zanin-4.jpg&quot;},{&quot;id&quot;:868,&quot;url&quot;:&quot;https:\\\/\\\/www.hotelzanin.it\\\/wp-content\\\/uploads\\\/2025\\\/11\\\/spiaggia-hotel-zanin-3-scaled-1.jpg&quot;},{&quot;id&quot;:870,&quot;url&quot;:&quot;https:\\\/\\\/www.hotelzanin.it\\\/wp-content\\\/uploads\\\/2025\\\/11\\\/spiaggia-hotel-zanin-6.jpg&quot;},{&quot;id&quot;:869,&quot;url&quot;:&quot;https:\\\/\\\/www.hotelzanin.it\\\/wp-content\\\/uploads\\\/2025\\\/11\\\/75242165_1403155903224444_1876175649304816451_o.jpg&quot;},{&quot;id&quot;:831,&quot;url&quot;:&quot;https:\\\/\\\/www.hotelzanin.it\\\/wp-content\\\/uploads\\\/2025\\\/11\\\/DSC_0725-scaled-1.jpg&quot;},{&quot;id&quot;:835,&quot;url&quot;:&quot;https:\\\/\\\/www.hotelzanin.it\\\/wp-content\\\/uploads\\\/2025\\\/11\\\/mappa-1-scaled-1.jpg&quot;},{&quot;id&quot;:865,&quot;url&quot;:&quot;https:\\\/\\\/www.hotelzanin.it\\\/wp-content\\\/uploads\\\/2025\\\/11\\\/33959210_1894020373952965_4714791759249408_o-2.jpg&quot;},{&quot;id&quot;:846,&quot;url&quot;:&quot;https:\\\/\\\/www.hotelzanin.it\\\/wp-content\\\/uploads\\\/2025\\\/11\\\/foto-gallery-caorle-18.jpg&quot;},{&quot;id&quot;:877,&quot;url&quot;:&quot;https:\\\/\\\/www.hotelzanin.it\\\/wp-content\\\/uploads\\\/2025\\\/11\\\/IMG_9432photo.jpg&quot;}],&quot;background_slideshow_ken_burns&quot;:&quot;yes&quot;,&quot;background_slideshow_loop&quot;:&quot;yes&quot;,&quot;background_slideshow_slide_duration&quot;:5000,&quot;background_slideshow_slide_transition&quot;:&quot;fade&quot;,&quot;background_slideshow_transition_duration&quot;:500,&quot;background_slideshow_ken_burns_zoom_direction&quot;:&quot;in&quot;}\">\n\t\t\t\t<\/div>\n\t\t<div class=\"elementor-element elementor-element-4d72ebb7 e-con-full e-flex e-con e-child\" data-id=\"4d72ebb7\" data-element_type=\"container\">\n\t\t\t\t<div class=\"elementor-element elementor-element-633ec888 elementor-widget-divider--view-line elementor-invisible elementor-widget elementor-widget-divider\" data-id=\"633ec888\" data-element_type=\"widget\" data-settings=\"{&quot;_animation&quot;:&quot;slideInRight&quot;}\" data-widget_type=\"divider.default\">\n\t\t\t\t\t\t\t<div class=\"elementor-divider\">\n\t\t\t<span class=\"elementor-divider-separator\">\n\t\t\t\t\t\t<\/span>\n\t\t<\/div>\n\t\t\t\t\t\t<\/div>\n\t\t\t\t<div class=\"elementor-element elementor-element-1cbca519 elementor-invisible elementor-widget elementor-widget-heading\" data-id=\"1cbca519\" data-element_type=\"widget\" data-settings=\"{&quot;_animation&quot;:&quot;fadeIn&quot;,&quot;_animation_delay&quot;:&quot;400&quot;}\" data-widget_type=\"heading.default\">\n\t\t\t\t\t<h3 class=\"elementor-heading-title elementor-size-default\">Pla\u017ca<\/h3>\t\t\t\t<\/div>\n\t\t\t\t<div class=\"elementor-element elementor-element-2800109f elementor-widget elementor-widget-text-editor\" data-id=\"2800109f\" data-element_type=\"widget\" data-widget_type=\"text-editor.default\">\n\t\t\t\t\t\t\t\t\t<p>Obiekt zapewnia us\u0142ugi ratownika, boiska do siatk\u00f3wki pla\u017cowej, plac zabaw dla dzieci oraz kioski bezpo\u015brednio przy pla\u017cy, w kt\u00f3rych mo\u017cna zje\u015b\u0107 przek\u0105sk\u0119 lub wypi\u0107 orze\u017awiaj\u0105cego drinka. Wszystko to w odleg\u0142o\u015bci kr\u00f3tkiego spaceru od hotelu. <\/p><p>Standardowa us\u0142uga pla\u017cowa obejmuj\u0105ca 1 parasol i 2 le\u017caki jest wliczona w cen\u0119 pokoju.<\/p><p>Dla czworono\u017cnych przyjaci\u00f3\u0142 dost\u0119pna jest Bau Beach, wyposa\u017cona pla\u017ca dla ps\u00f3w w odleg\u0142o\u015bci 150 m od hotelu Zanin, kt\u00f3r\u0105 mo\u017cna zarezerwowa\u0107 bezpo\u015brednio w naszym hotelu za niewielk\u0105 dop\u0142at\u0105. Us\u0142uga Bau Beach, je\u015bli zostanie zarezerwowana, zast\u0105pi us\u0142ug\u0119 Standard Beach, a nie j\u0105 uzupe\u0142ni. <\/p><p><\/p>\t\t\t\t\t\t\t\t<\/div>\n\t\t\t\t<\/div>\n\t\t\t\t<\/div>\n\t\t<div class=\"elementor-element elementor-element-761c5cf e-con-full e-flex e-con e-parent\" data-id=\"761c5cf\" data-element_type=\"container\">\n\t\t<div class=\"elementor-element elementor-element-e899bba e-con-full e-flex e-con e-child\" data-id=\"e899bba\" data-element_type=\"container\" data-settings=\"{&quot;background_background&quot;:&quot;classic&quot;}\">\n\t\t\t\t<div class=\"elementor-element elementor-element-45d0fbc elementor-widget-divider--view-line elementor-invisible elementor-widget elementor-widget-divider\" data-id=\"45d0fbc\" data-element_type=\"widget\" data-settings=\"{&quot;_animation&quot;:&quot;slideInRight&quot;}\" data-widget_type=\"divider.default\">\n\t\t\t\t\t\t\t<div class=\"elementor-divider\">\n\t\t\t<span class=\"elementor-divider-separator\">\n\t\t\t\t\t\t<\/span>\n\t\t<\/div>\n\t\t\t\t\t\t<\/div>\n\t\t\t\t<div class=\"elementor-element elementor-element-18b9d56 elementor-invisible elementor-widget elementor-widget-heading\" data-id=\"18b9d56\" data-element_type=\"widget\" data-settings=\"{&quot;_animation&quot;:&quot;fadeIn&quot;,&quot;_animation_delay&quot;:&quot;400&quot;}\" data-widget_type=\"heading.default\">\n\t\t\t\t\t<h3 class=\"elementor-heading-title elementor-size-default\">Kuchnia<\/h3>\t\t\t\t<\/div>\n\t\t\t\t<div class=\"elementor-element elementor-element-7b08184 elementor-widget elementor-widget-text-editor\" data-id=\"7b08184\" data-element_type=\"widget\" data-widget_type=\"text-editor.default\">\n\t\t\t\t\t\t\t\t\t<p><\/p><p>Kuchnia prowadzona jest bezpo\u015brednio przez w\u0142a\u015bcicieli i codziennie oferuje r\u00f3\u017cne dania mi\u0119sne i rybne oraz r\u0119cznie robione tradycyjne lokalne potrawy.<\/p>\t\t\t\t\t\t\t\t<\/div>\n\t\t\t\t<\/div>\n\t\t<div class=\"elementor-element elementor-element-4dd0b5a e-con-full e-flex e-con e-child\" data-id=\"4dd0b5a\" data-element_type=\"container\" data-settings=\"{&quot;background_background&quot;:&quot;slideshow&quot;,&quot;background_slideshow_gallery&quot;:[{&quot;id&quot;:688,&quot;url&quot;:&quot;https:\\\/\\\/www.hotelzanin.it\\\/wp-content\\\/uploads\\\/2025\\\/11\\\/499221828_1315570933902359_2765359270829780605_n.jpg&quot;},{&quot;id&quot;:873,&quot;url&quot;:&quot;https:\\\/\\\/www.hotelzanin.it\\\/wp-content\\\/uploads\\\/2025\\\/11\\\/499223742_1315570930569026_3611977852465830034_n-1.jpg&quot;},{&quot;id&quot;:686,&quot;url&quot;:&quot;https:\\\/\\\/www.hotelzanin.it\\\/wp-content\\\/uploads\\\/2025\\\/11\\\/494072299_1295298819262904_6984018596511223917_n.jpg&quot;}],&quot;background_slideshow_ken_burns&quot;:&quot;yes&quot;,&quot;background_slideshow_loop&quot;:&quot;yes&quot;,&quot;background_slideshow_slide_duration&quot;:5000,&quot;background_slideshow_slide_transition&quot;:&quot;fade&quot;,&quot;background_slideshow_transition_duration&quot;:500,&quot;background_slideshow_ken_burns_zoom_direction&quot;:&quot;in&quot;}\">\n\t\t\t\t<\/div>\n\t\t\t\t<\/div>\n\t\t<div class=\"elementor-element elementor-element-04ded49 e-con-full e-flex e-con e-parent\" data-id=\"04ded49\" data-element_type=\"container\">\n\t\t<div class=\"elementor-element elementor-element-c4e0f10 e-con-full e-flex e-con e-child\" data-id=\"c4e0f10\" data-element_type=\"container\" data-settings=\"{&quot;background_background&quot;:&quot;classic&quot;}\">\n\t\t\t\t<\/div>\n\t\t<div class=\"elementor-element elementor-element-7860c8a e-con-full e-flex e-con e-child\" data-id=\"7860c8a\" data-element_type=\"container\">\n\t\t\t\t<div class=\"elementor-element elementor-element-796b5c0 elementor-widget-divider--view-line elementor-invisible elementor-widget elementor-widget-divider\" data-id=\"796b5c0\" data-element_type=\"widget\" data-settings=\"{&quot;_animation&quot;:&quot;slideInRight&quot;}\" data-widget_type=\"divider.default\">\n\t\t\t\t\t\t\t<div class=\"elementor-divider\">\n\t\t\t<span class=\"elementor-divider-separator\">\n\t\t\t\t\t\t<\/span>\n\t\t<\/div>\n\t\t\t\t\t\t<\/div>\n\t\t\t\t<div class=\"elementor-element elementor-element-c83a339 elementor-invisible elementor-widget elementor-widget-heading\" data-id=\"c83a339\" data-element_type=\"widget\" data-settings=\"{&quot;_animation&quot;:&quot;fadeIn&quot;,&quot;_animation_delay&quot;:&quot;400&quot;}\" data-widget_type=\"heading.default\">\n\t\t\t\t\t<h3 class=\"elementor-heading-title elementor-size-default\">Rowery<\/h3>\t\t\t\t<\/div>\n\t\t\t\t<div class=\"elementor-element elementor-element-8d45687 elementor-widget elementor-widget-text-editor\" data-id=\"8d45687\" data-element_type=\"widget\" data-widget_type=\"text-editor.default\">\n\t\t\t\t\t\t\t\t\t<p>Mi\u0142o\u015bnicy przyrody, korzystaj\u0105c z rower\u00f3w, mog\u0105 wybra\u0107 si\u0119 na wycieczk\u0119 \"na wysp\u0119 rybak\u00f3w\" wzd\u0142u\u017c \u015bcie\u017cki rowerowej, omijaj\u0105c kana\u0142 Livenza, z wizyt\u0105 w Casoni i mo\u017cliwo\u015bci\u0105 pogaw\u0119dki z \"rybakami z Caorle\".<\/p>\t\t\t\t\t\t\t\t<\/div>\n\t\t\t\t<\/div>\n\t\t\t\t<\/div>\n\t\t<div class=\"elementor-element elementor-element-cf2d098 e-con-full e-flex e-con e-parent\" data-id=\"cf2d098\" data-element_type=\"container\">\n\t\t<div class=\"elementor-element elementor-element-3cd3f26 e-con-full e-flex e-con e-child\" data-id=\"3cd3f26\" data-element_type=\"container\" data-settings=\"{&quot;background_background&quot;:&quot;classic&quot;}\">\n\t\t\t\t<div class=\"elementor-element elementor-element-888690e elementor-widget-divider--view-line elementor-invisible elementor-widget elementor-widget-divider\" data-id=\"888690e\" data-element_type=\"widget\" data-settings=\"{&quot;_animation&quot;:&quot;slideInRight&quot;}\" data-widget_type=\"divider.default\">\n\t\t\t\t\t\t\t<div class=\"elementor-divider\">\n\t\t\t<span class=\"elementor-divider-separator\">\n\t\t\t\t\t\t<\/span>\n\t\t<\/div>\n\t\t\t\t\t\t<\/div>\n\t\t\t\t<div class=\"elementor-element elementor-element-50c22bc elementor-invisible elementor-widget elementor-widget-heading\" data-id=\"50c22bc\" data-element_type=\"widget\" data-settings=\"{&quot;_animation&quot;:&quot;fadeIn&quot;,&quot;_animation_delay&quot;:&quot;400&quot;}\" data-widget_type=\"heading.default\">\n\t\t\t\t\t<h3 class=\"elementor-heading-title elementor-size-default\">WI-FI<\/h3>\t\t\t\t<\/div>\n\t\t\t\t<div class=\"elementor-element elementor-element-d3aca55 elementor-widget elementor-widget-text-editor\" data-id=\"d3aca55\" data-element_type=\"widget\" data-widget_type=\"text-editor.default\">\n\t\t\t\t\t\t\t\t\t<p>Po\u0142\u0105czenie internetowe WIFI w ca\u0142ym hotelu. Zawsze b\u0105d\u017a w kontakcie z przyjaci\u00f3\u0142mi i rodzin\u0105 lub w razie potrzeby, nawet gdy jeste\u015b na wakacjach. Us\u0142uga jest wliczona w cen\u0119 pobytu.  <\/p>\t\t\t\t\t\t\t\t<\/div>\n\t\t\t\t<\/div>\n\t\t<div class=\"elementor-element elementor-element-c7f28a7 e-con-full e-flex e-con e-child\" data-id=\"c7f28a7\" data-element_type=\"container\" data-settings=\"{&quot;background_background&quot;:&quot;classic&quot;}\">\n\t\t\t\t<\/div>\n\t\t\t\t<\/div>\n\t\t<div class=\"elementor-element elementor-element-134d079 e-con-full e-flex e-con e-parent\" data-id=\"134d079\" data-element_type=\"container\">\n\t\t<div class=\"elementor-element elementor-element-0ffb81f e-con-full e-flex e-con e-child\" data-id=\"0ffb81f\" data-element_type=\"container\" data-settings=\"{&quot;background_background&quot;:&quot;classic&quot;}\">\n\t\t\t\t<\/div>\n\t\t<div class=\"elementor-element elementor-element-0cb6cc2 e-con-full e-flex e-con e-child\" data-id=\"0cb6cc2\" data-element_type=\"container\">\n\t\t\t\t<div class=\"elementor-element elementor-element-c113b78 elementor-widget-divider--view-line elementor-invisible elementor-widget elementor-widget-divider\" data-id=\"c113b78\" data-element_type=\"widget\" data-settings=\"{&quot;_animation&quot;:&quot;slideInRight&quot;}\" data-widget_type=\"divider.default\">\n\t\t\t\t\t\t\t<div class=\"elementor-divider\">\n\t\t\t<span class=\"elementor-divider-separator\">\n\t\t\t\t\t\t<\/span>\n\t\t<\/div>\n\t\t\t\t\t\t<\/div>\n\t\t\t\t<div class=\"elementor-element elementor-element-2e9f05c elementor-invisible elementor-widget elementor-widget-heading\" data-id=\"2e9f05c\" data-element_type=\"widget\" data-settings=\"{&quot;_animation&quot;:&quot;fadeIn&quot;,&quot;_animation_delay&quot;:&quot;400&quot;}\" data-widget_type=\"heading.default\">\n\t\t\t\t\t<h3 class=\"elementor-heading-title elementor-size-default\">Klimatyzacja<\/h3>\t\t\t\t<\/div>\n\t\t\t\t<div class=\"elementor-element elementor-element-28e6658 elementor-widget elementor-widget-text-editor\" data-id=\"28e6658\" data-element_type=\"widget\" data-widget_type=\"text-editor.default\">\n\t\t\t\t\t\t\t\t\t<p>Klimatyzacja dost\u0119pna jest w ka\u017cdym pokoju na \u017cyczenie.<\/p>\t\t\t\t\t\t\t\t<\/div>\n\t\t\t\t<\/div>\n\t\t\t\t<\/div>\n\t\t\t\t<\/div>\n\t\t","protected":false},"excerpt":{"rendered":"<p>US\u0141UGI Komfort i relaks, idealne wakacje. Hotel Zanin po\u0142o\u017cony jest zaledwie 150 metr\u00f3w od zachodniej pla\u017cy Spiaggia di Ponente i 10 minut spacerem od zabytkowego centrum miasta. Hotel prowadzony jest przez rodzin\u0119 Zanin od 1959 roku. Oferuje on go\u015bciom pe\u0142ne wy\u017cywienie, niepe\u0142ne wy\u017cywienie i \u015bniadanie w formie bufetu. Rozwi\u0105zanie dla tych klient\u00f3w, kt\u00f3rzy chc\u0105 maksymalnej [&hellip;]<\/p>\n","protected":false},"author":1,"featured_media":876,"parent":0,"menu_order":0,"comment_status":"closed","ping_status":"closed","template":"","meta":{"footnotes":""},"class_list":["post-863","page","type-page","status-publish","has-post-thumbnail","hentry"],"_links":{"self":[{"href":"https:\/\/www.hotelzanin.it\/pl\/wp-json\/wp\/v2\/pages\/863","targetHints":{"allow":["GET"]}}],"collection":[{"href":"https:\/\/www.hotelzanin.it\/pl\/wp-json\/wp\/v2\/pages"}],"about":[{"href":"https:\/\/www.hotelzanin.it\/pl\/wp-json\/wp\/v2\/types\/page"}],"author":[{"embeddable":true,"href":"https:\/\/www.hotelzanin.it\/pl\/wp-json\/wp\/v2\/users\/1"}],"replies":[{"embeddable":true,"href":"https:\/\/www.hotelzanin.it\/pl\/wp-json\/wp\/v2\/comments?post=863"}],"version-history":[{"count":1,"href":"https:\/\/www.hotelzanin.it\/pl\/wp-json\/wp\/v2\/pages\/863\/revisions"}],"predecessor-version":[{"id":878,"href":"https:\/\/www.hotelzanin.it\/pl\/wp-json\/wp\/v2\/pages\/863\/revisions\/878"}],"wp:featuredmedia":[{"embeddable":true,"href":"https:\/\/www.hotelzanin.it\/pl\/wp-json\/wp\/v2\/media\/876"}],"wp:attachment":[{"href":"https:\/\/www.hotelzanin.it\/pl\/wp-json\/wp\/v2\/media?parent=863"}],"curies":[{"name":"wp","href":"https:\/\/api.w.org\/{rel}","templated":true}]}}